{"id":374,"date":"2023-08-29T20:31:05","date_gmt":"2023-08-29T20:31:05","guid":{"rendered":"https:\/\/gabrieldegennaro.com.br\/projects\/jean-mathieu\/?page_id=374"},"modified":"2023-08-29T20:31:05","modified_gmt":"2023-08-29T20:31:05","slug":"contactez-nous","status":"publish","type":"page","link":"https:\/\/gabrieldegennaro.com.br\/projects\/jean-mathieu\/contactez-nous\/","title":{"rendered":"Contactez-nous"},"content":{"rendered":"\n<div class=\"wpcf7 no-js\" id=\"wpcf7-f373-o1\" lang=\"en-US\" dir=\"ltr\">\n<div class=\"screen-reader-response\"><p role=\"status\" aria-live=\"polite\" aria-atomic=\"true\"><\/p> <ul><\/ul><\/div>\n<form action=\"\/projects\/jean-mathieu\/wp-json\/wp\/v2\/pages\/374#wpcf7-f373-o1\" method=\"post\" class=\"wpcf7-form init\" aria-label=\"Contact form\" novalidate=\"novalidate\" data-status=\"init\">\n<div style=\"display: none;\">\n<input type=\"hidden\" name=\"_wpcf7\" value=\"373\" \/>\n<input type=\"hidden\" name=\"_wpcf7_version\" value=\"5.8\" \/>\n<input type=\"hidden\" name=\"_wpcf7_locale\" value=\"en_US\" \/>\n<input type=\"hidden\" name=\"_wpcf7_unit_tag\" value=\"wpcf7-f373-o1\" \/>\n<input type=\"hidden\" name=\"_wpcf7_container_post\" value=\"0\" \/>\n<input type=\"hidden\" name=\"_wpcf7_posted_data_hash\" value=\"\" \/>\n<\/div>\n<div class=\"row line-form\">\n\t<div class=\"col-lg-6 col-sm-12\">\n\t\t<p><span class=\"wpcf7-form-control-wrap\" data-name=\"nomcomplet\"><input size=\"40\" class=\"wpcf7-form-control wpcf7-text wpcf7-validates-as-required\" aria-required=\"true\" aria-invalid=\"false\" placeholder=\"Nom complet\" value=\"\" type=\"text\" name=\"nomcomplet\" \/><\/span><br \/>\n<span class=\"wpcf7-form-control-wrap\" data-name=\"courriel\"><input size=\"40\" class=\"wpcf7-form-control wpcf7-text wpcf7-validates-as-required\" aria-required=\"true\" aria-invalid=\"false\" placeholder=\"Courriel\" value=\"\" type=\"text\" name=\"courriel\" \/><\/span><br \/>\n<span class=\"wpcf7-form-control-wrap\" data-name=\"phone-number\"><input size=\"40\" class=\"wpcf7-form-control wpcf7-text wpcf7-validates-as-required phone-mask\" aria-required=\"true\" aria-invalid=\"false\" placeholder=\"N\u00famero de T\u00e9l\u00e9phone\" value=\"\" type=\"text\" name=\"phone-number\" \/><\/span>\n\t\t<\/p>\n\t<\/div>\n\t<div class=\"col-lg-6 col-sm-12\">\n\t\t<p><span class=\"wpcf7-form-control-wrap\" data-name=\"Message\"><textarea cols=\"40\" rows=\"10\" class=\"wpcf7-form-control wpcf7-textarea\" aria-invalid=\"false\" placeholder=\"Message\" name=\"Message\"><\/textarea><\/span>\n\t\t<\/p>\n\t<\/div>\n\t<div class=\"col-lg-12 col-sm-12\">\n\t\t<p><input class=\"wpcf7-form-control wpcf7-submit has-spinner btn-form\" type=\"submit\" value=\"Envoyer\" \/>\n\t\t<\/p>\n\t<\/div>\n<\/div><div class=\"wpcf7-response-output\" aria-hidden=\"true\"><\/div>\n<\/form>\n<\/div>\n\n","protected":false},"excerpt":{"rendered":"","protected":false},"author":1,"featured_media":0,"parent":0,"menu_order":0,"comment_status":"closed","ping_status":"closed","template":"","meta":{"footnotes":""},"class_list":["post-374","page","type-page","status-publish","hentry"],"acf":[],"_links":{"self":[{"href":"https:\/\/gabrieldegennaro.com.br\/projects\/jean-mathieu\/wp-json\/wp\/v2\/pages\/374","targetHints":{"allow":["GET"]}}],"collection":[{"href":"https:\/\/gabrieldegennaro.com.br\/projects\/jean-mathieu\/wp-json\/wp\/v2\/pages"}],"about":[{"href":"https:\/\/gabrieldegennaro.com.br\/projects\/jean-mathieu\/wp-json\/wp\/v2\/types\/page"}],"author":[{"embeddable":true,"href":"https:\/\/gabrieldegennaro.com.br\/projects\/jean-mathieu\/wp-json\/wp\/v2\/users\/1"}],"replies":[{"embeddable":true,"href":"https:\/\/gabrieldegennaro.com.br\/projects\/jean-mathieu\/wp-json\/wp\/v2\/comments?post=374"}],"version-history":[{"count":1,"href":"https:\/\/gabrieldegennaro.com.br\/projects\/jean-mathieu\/wp-json\/wp\/v2\/pages\/374\/revisions"}],"predecessor-version":[{"id":376,"href":"https:\/\/gabrieldegennaro.com.br\/projects\/jean-mathieu\/wp-json\/wp\/v2\/pages\/374\/revisions\/376"}],"wp:attachment":[{"href":"https:\/\/gabrieldegennaro.com.br\/projects\/jean-mathieu\/wp-json\/wp\/v2\/media?parent=374"}],"curies":[{"name":"wp","href":"https:\/\/api.w.org\/{rel}","templated":true}]}}