{"id":3,"date":"2023-06-20T12:41:23","date_gmt":"2023-06-20T12:41:23","guid":{"rendered":"http:\/\/localhost\/jean-mathieu\/?page_id=3"},"modified":"2023-08-29T19:30:50","modified_gmt":"2023-08-29T19:30:50","slug":"politique-de-confidentialite","status":"publish","type":"page","link":"https:\/\/gabrieldegennaro.com.br\/projects\/jean-mathieu\/politique-de-confidentialite\/","title":{"rendered":"Politique de Confidentialite"},"content":{"rendered":"\r\n<h2 class=\"wp-block-heading\"><\/h2>\r\n<p style=\"text-align: center;\">Date de derni\u00e8re mise \u00e0 jour : 4 Avril 2023<\/p>\r\n<h2 class=\"wp-block-heading\">Introduction<\/h2>\r\n<p>Nous, chez Gestion Jean-Mathieu Lavoie Inc., accordons une grande importance \u00e0 la protection de la vie priv\u00e9e de nos utilisateurs. Cette Politique de confidentialit\u00e9 explique comment nous recueillons, utilisons, divulguons et prot\u00e9geons les informations que vous nous fournissez lorsque vous utilisez notre site Web https:\/\/www.jeanmathieulavoie.ca.<\/p>\r\n<p>En utilisant notre site Web, vous acceptez les pratiques d\u00e9crites dans cette Politique de confidentialit\u00e9. Si vous n&#8217;\u00eates pas d&#8217;accord avec cette Politique de confidentialit\u00e9, veuillez ne pas utiliser notre site Web.<\/p>\r\n<h2>Collecte des informations<\/h2>\r\n<p>Nous recueillons des informations de deux mani\u00e8res :<\/p>\r\n<p>a. Informations que vous nous fournissez : Nous pouvons recueillir des informations personnelles que vous nous fournissez, telles que votre nom, votre adresse e-mail, votre num\u00e9ro de t\u00e9l\u00e9phone et votre adresse postale, lorsque vous vous inscrivez \u00e0 notre newsletter, cr\u00e9ez un compte ou effectuez un achat sur notre site Web.<\/p>\r\n<p>b. Informations recueillies automatiquement : Lorsque vous utilisez notre site Web, nous pouvons recueillir automatiquement certaines informations non personnelles, telles que votre adresse IP, le type de navigateur que vous utilisez, les pages que vous visitez et la dur\u00e9e de votre visite.<\/p>\r\n<h2>Utilisation des informations<\/h2>\r\n<p>Nous utilisons les informations que nous recueillons pour :<\/p>\r\n<p>a. Fournir, maintenir et am\u00e9liorer notre site Web et nos produits\/services ;<\/p>\r\n<p>b. R\u00e9pondre \u00e0 vos questions et demandes ;<\/p>\r\n<p>c. Vous envoyer des communications marketing et promotionnelles, si vous nous avez donn\u00e9 votre consentement ;<\/p>\r\n<p>d. Personnaliser votre exp\u00e9rience utilisateur ;<\/p>\r\n<p>e. Analyser l&#8217;utilisation du site Web et identifier les tendances pour am\u00e9liorer la performance et l&#8217;exp\u00e9rience utilisateur.<\/p>\r\n<h2>Partage des informations<\/h2>\r\n<p>Nous ne vendons, ne louons ni ne partageons vos informations personnelles avec des tiers,\u00a0 dans aucune situation, sous quelconque condition.<\/p>\r\n<h2>S\u00e9curit\u00e9<\/h2>\r\n<p>Nous prenons des mesures de s\u00e9curit\u00e9 appropri\u00e9es pour prot\u00e9ger vos informations personnelles contre l&#8217;acc\u00e8s, la divulgation, la modification ou la destruction non autoris\u00e9s. Cependant, veuillez noter qu&#8217;aucune m\u00e9thode de transmission ou de stockage sur Internet n&#8217;est totalement s\u00e9curis\u00e9e et, par cons\u00e9quent, nous ne pouvons garantir la s\u00e9curit\u00e9 absolue de vos informations.<\/p>\r\n<h2>Modifications de cette Politique de confidentialit\u00e9<\/h2>\r\n<p>Nous nous r\u00e9servons le droit de modifier cette Politique de confidentialit\u00e9 \u00e0 tout moment. Nous vous encourageons \u00e0 consulter r\u00e9guli\u00e8rement cette page pour \u00eatre inform\u00e9 de toute modification. En continuant \u00e0 utiliser notre site Web apr\u00e8s la publication de modifications apport\u00e9es \u00e0 cette Politique de confidentialit\u00e9, vous acceptez ces modifications.<\/p>\r\n<h2>Cookies et technologies similaires<\/h2>\r\n<p>Notre site Web utilise des cookies et d&#8217;autres technologies similaires pour am\u00e9liorer la qualit\u00e9 de nos services, personnaliser votre exp\u00e9rience utilisateur et analyser l&#8217;utilisation de notre site Web. Les cookies sont de petits fichiers texte qui sont stock\u00e9s sur votre ordinateur ou votre appareil lorsque vous visitez un site Web. Vous pouvez configurer votre navigateur pour refuser tous les cookies ou pour vous avertir lorsqu&#8217;un cookie est envoy\u00e9. Cependant, certaines fonctionnalit\u00e9s de notre site Web peuvent ne pas fonctionner correctement si vous d\u00e9sactivez les cookies.<\/p>\r\n<h2>Liens vers d&#8217;autres sites Web<\/h2>\r\n<p>Notre site Web peut contenir des liens vers d&#8217;autres sites Web qui ne sont pas exploit\u00e9s par nous. Si vous cliquez sur un lien vers un site Web tiers, vous serez dirig\u00e9 vers le site de ce tiers. Nous vous encourageons vivement \u00e0 consulter la politique de confidentialit\u00e9 de chaque site que vous visitez, car nous n&#8217;avons aucun contr\u00f4le sur et n&#8217;assumons aucune responsabilit\u00e9 pour le contenu, les politiques de confidentialit\u00e9 ou les pratiques des sites Web ou services tiers.<\/p>\r\n<h2>Vos droits<\/h2>\r\n<p>Vous avez le droit de demander l&#8217;acc\u00e8s, la rectification, la suppression ou la limitation du traitement de vos informations personnelles, ainsi que le droit de retirer votre consentement \u00e0 tout moment. Pour exercer ces droits, veuillez nous contacter \u00e0 jmlavoie@jeanmathieulavoie.ca.<\/p>\r\n<h2>Nous contacter<\/h2>\r\n<p>Si vous avez des questions concernant cette Politique de confidentialit\u00e9, veuillez nous contacter \u00e0 :<\/p>\r\n<p>GESTION JEAN-MATHIEU LAVOIE INC<br \/>6385, 3E AVENUE EST<br \/>100<br \/>QU\u00c9BEC QC G1H 3K9<br \/>T\u00e9l.: (418) 666-0011<br \/>jmlavoie@jeanmathieulavoie.ca<\/p>\r\n<h2><\/h2>\r\n","protected":false},"excerpt":{"rendered":"<p>Date de derni\u00e8re mise \u00e0 jour : 4 Avril 2023 Introduction Nous, chez Gestion Jean-Mathieu Lavoie Inc., accordons une grande importance \u00e0 la protection de la vie priv\u00e9e de nos utilisateurs. Cette Politique de confidentialit\u00e9 explique comment nous recueillons, utilisons, divulguons et prot\u00e9geons les informations que vous nous fournissez lorsque vous utilisez notre site Web [&hellip;]<\/p>\n","protected":false},"author":1,"featured_media":0,"parent":0,"menu_order":0,"comment_status":"closed","ping_status":"open","template":"","meta":{"footnotes":""},"class_list":["post-3","page","type-page","status-publish","hentry"],"acf":[],"_links":{"self":[{"href":"https:\/\/gabrieldegennaro.com.br\/projects\/jean-mathieu\/wp-json\/wp\/v2\/pages\/3","targetHints":{"allow":["GET"]}}],"collection":[{"href":"https:\/\/gabrieldegennaro.com.br\/projects\/jean-mathieu\/wp-json\/wp\/v2\/pages"}],"about":[{"href":"https:\/\/gabrieldegennaro.com.br\/projects\/jean-mathieu\/wp-json\/wp\/v2\/types\/page"}],"author":[{"embeddable":true,"href":"https:\/\/gabrieldegennaro.com.br\/projects\/jean-mathieu\/wp-json\/wp\/v2\/users\/1"}],"replies":[{"embeddable":true,"href":"https:\/\/gabrieldegennaro.com.br\/projects\/jean-mathieu\/wp-json\/wp\/v2\/comments?post=3"}],"version-history":[{"count":1,"href":"https:\/\/gabrieldegennaro.com.br\/projects\/jean-mathieu\/wp-json\/wp\/v2\/pages\/3\/revisions"}],"predecessor-version":[{"id":352,"href":"https:\/\/gabrieldegennaro.com.br\/projects\/jean-mathieu\/wp-json\/wp\/v2\/pages\/3\/revisions\/352"}],"wp:attachment":[{"href":"https:\/\/gabrieldegennaro.com.br\/projects\/jean-mathieu\/wp-json\/wp\/v2\/media?parent=3"}],"curies":[{"name":"wp","href":"https:\/\/api.w.org\/{rel}","templated":true}]}}